{"id":6695,"date":"2021-10-27T14:47:35","date_gmt":"2021-10-27T12:47:35","guid":{"rendered":"https:\/\/ck-interieur.com\/salle-de-bain\/"},"modified":"2021-10-27T15:06:41","modified_gmt":"2021-10-27T13:06:41","slug":"bathrooms","status":"publish","type":"page","link":"https:\/\/ck-interieur.com\/en\/bathrooms\/","title":{"rendered":"BATHROOMS"},"content":{"rendered":"<p>[vc_row full_width=&#8221;stretch_row_content_no_spaces&#8221;][vc_column][vc_banner_title title=&#8221;BATHROOMS&#8221; img=&#8221;6485&#8243; enable_overlay=&#8221;true&#8221; columns=&#8221;%5B%7B%22text_type%22%3A%22text%22%7D%5D&#8221;][\/vc_column][\/vc_row][vc_row full_width=&#8221;stretch_row&#8221; disable_element=&#8221;yes&#8221; desctop_pt=&#8221;padding-lg-110t&#8221; desctop_pb=&#8221;padding-lg-70b&#8221; tablets_pt=&#8221;padding-sm-70t&#8221; css=&#8221;.vc_custom_1635338832066{background-color: #ffffff !important;}&#8221;][vc_column css_animation=&#8221;none&#8221; css=&#8221;.vc_custom_1521899281996{padding-top: 0px !important;}&#8221;][vc_counters single_image=&#8221;5585&#8243; image_position=&#8221;cs-counter&#8211;img-right&#8221; heading_size=&#8221;h3&#8243; title=&#8221;CHAMBRES&#8221; numbers=&#8221;%5B%7B%7D%5D&#8221;]La chambre est un espace personnel. Elle doit correspondre aux envies de chacun. Il est important d\u2019avoir un bon am\u00e9nagement alliant s\u00e9r\u00e9nit\u00e9 et fonctionnalit\u00e9, <span class=\"Apple-converted-space\">\u00a0<\/span><\/p>\n<p>Scandinave, ethnique, moderne design, vintage, chic, \u00e9pur\u00e9\u2026 Choisissez votre style et nous vous guidons pour le choix des couleurs et mat\u00e9riaux.<\/p>\n<p>Nous mettons \u00e0 votre disposition divers meubles et accessoires offrant d\u2019innombrables options de personnalisation.<span class=\"Apple-converted-space\">\u00a0<\/span>[\/vc_counters][vc_empty_space][vc_masonry_media_grid grid_id=&#8221;vc_gid:1635339951467-8f056b91-6293-5&#8243; include=&#8221;6342,6341,6340,6339,6338&#8243;][vc_column_text]<\/p>\n<h4><b>T\u00caTES DE LIT<\/b><\/h4>\n<p>Notre collection est riche et d\u00e9clin\u00e9e dans des tons sobres clairs ou fonc\u00e9s. Toutes les dimensions sont disponibles en hauteur et en largeur. Les tissus sont s\u00e9lectionn\u00e9s pour leur qualit\u00e9 de toucher.<\/p>\n<h4><b>CHEVETS<\/b><\/h4>\n<p>Suspendues, pos\u00e9es, avec ou sans rangement, les tables de chevets de la gamme CK Int\u00e9rieur sont \u00e0 la fois fonctionnelles et esth\u00e9tiques.<span class=\"Apple-converted-space\">\u00a0<\/span><\/p>\n<p>Bois, verre et m\u00e9tal se m\u00e9langent harmonieusement pour cr\u00e9er l\u2019atmosph\u00e8re apaisante indispensable \u00e0 l\u2019univers de la chambre.<\/p>\n<p>Les tiroirs sont tactiles et dot\u00e9s d\u2019amortissement pour une utilisation pratique et silencieuse.<\/p>\n<h4><b>RANGEMENTS \/ DRESSINGS<\/b><\/h4>\n<p>Commodes, armoires, chiffonniers, notre s\u00e9lection de rangements de chambre est l\u00e9g\u00e8re et soign\u00e9e. Elle participe \u00e0 la d\u00e9connexion dont vous avez besoin dans l\u2019espace consacr\u00e9 au sommeil.<\/p>\n<p>Les poign\u00e9es \u00e9l\u00e9gantes en chrome, acier bross\u00e9 ou bois sont les petits d\u00e9tails qui font la diff\u00e9rence pour cr\u00e9er une chambre cosy et unique.<\/p>\n<p>Nous pouvons aussi r\u00e9aliser vos placards ou dressings sur mesure, dans les mat\u00e9riaux et couleurs que vous aimez!<\/p>\n<p>D\u00e9couvrez \u00e9galement : <a href=\"https:\/\/ck-interieur.com\/cuisines\/\">Cuisine<\/a> \/ <a href=\"https:\/\/ck-interieur.com\/salle-a-manger\/\">Salle \u00e0 manger<\/a> \/ <a href=\"https:\/\/ck-interieur.com\/salons\/\">Salons<\/a> \/ <a href=\"https:\/\/ck-interieur.com\/chambres\/\">Chambres<\/a> \/ <a href=\"https:\/\/ck-interieur.com\/outdoor\/\">Outdoor<\/a> \/ <a href=\"https:\/\/ck-interieur.com\/accessoires\/\">Accessoires<\/a>[\/vc_column_text][\/vc_column][\/vc_row]<\/p>\n","protected":false},"excerpt":{"rendered":"<p>[vc_row full_width=&#8221;stretch_row_content_no_spaces&#8221;][vc_column][vc_banner_title title=&#8221;BATHROOMS&#8221; img=&#8221;6485&#8243; enable_overlay=&#8221;true&#8221; columns=&#8221;%5B%7B%22text_type%22%3A%22text%22%7D%5D&#8221;][\/vc_column][\/vc_row][vc_row full_width=&#8221;stretch_row&#8221; disable_element=&#8221;yes&#8221; desctop_pt=&#8221;padding-lg-110t&#8221; desctop_pb=&#8221;padding-lg-70b&#8221; tablets_pt=&#8221;padding-sm-70t&#8221; css=&#8221;.vc_custom_1635338832066{background-color: #ffffff !important;}&#8221;][vc_column css_animation=&#8221;none&#8221; css=&#8221;.vc_custom_1521899281996{padding-top: 0px !important;}&#8221;][vc_counters single_image=&#8221;5585&#8243; image_position=&#8221;cs-counter&#8211;img-right&#8221;&#8230;<\/p>\n","protected":false},"author":2,"featured_media":0,"parent":0,"menu_order":0,"comment_status":"closed","ping_status":"closed","template":"","meta":{"_seopress_robots_primary_cat":"","_seopress_titles_title":"","_seopress_titles_desc":"","_seopress_robots_index":"","footnotes":""},"folder":[32],"class_list":["post-6695","page","type-page","status-publish","hentry"],"_links":{"self":[{"href":"https:\/\/ck-interieur.com\/en\/wp-json\/wp\/v2\/pages\/6695","targetHints":{"allow":["GET"]}}],"collection":[{"href":"https:\/\/ck-interieur.com\/en\/wp-json\/wp\/v2\/pages"}],"about":[{"href":"https:\/\/ck-interieur.com\/en\/wp-json\/wp\/v2\/types\/page"}],"author":[{"embeddable":true,"href":"https:\/\/ck-interieur.com\/en\/wp-json\/wp\/v2\/users\/2"}],"replies":[{"embeddable":true,"href":"https:\/\/ck-interieur.com\/en\/wp-json\/wp\/v2\/comments?post=6695"}],"version-history":[{"count":0,"href":"https:\/\/ck-interieur.com\/en\/wp-json\/wp\/v2\/pages\/6695\/revisions"}],"wp:attachment":[{"href":"https:\/\/ck-interieur.com\/en\/wp-json\/wp\/v2\/media?parent=6695"}],"wp:term":[{"taxonomy":"folder","embeddable":true,"href":"https:\/\/ck-interieur.com\/en\/wp-json\/wp\/v2\/folder?post=6695"}],"curies":[{"name":"wp","href":"https:\/\/api.w.org\/{rel}","templated":true}]}}