{"id":6631,"date":"2017-01-03T16:34:36","date_gmt":"2017-01-03T16:34:36","guid":{"rendered":"https:\/\/ck-interieur.com\/about-us\/"},"modified":"2024-05-23T16:32:24","modified_gmt":"2024-05-23T14:32:24","slug":"interior-decor","status":"publish","type":"page","link":"https:\/\/ck-interieur.com\/en\/interior-decor\/","title":{"rendered":"INTERIOR DECOR"},"content":{"rendered":"<p>[vc_row full_width=&#8221;stretch_row_content_no_spaces&#8221;][vc_column][vc_banner_title title=&#8221;INTERIOR DECOR&#8221; img=&#8221;5684&#8243; enable_overlay=&#8221;true&#8221; columns=&#8221;%5B%7B%22text_type%22%3A%22text%22%7D%5D&#8221;][\/vc_column][\/vc_row][vc_row full_width=&#8221;stretch_row&#8221; desctop_pt=&#8221;padding-lg-110t&#8221; desctop_pb=&#8221;padding-lg-70b&#8221; tablets_pt=&#8221;padding-sm-70t&#8221; css=&#8221;.vc_custom_1516548992003{background-color: #eef1f2 !important;}&#8221;][vc_column css_animation=&#8221;none&#8221; css=&#8221;.vc_custom_1521899281996{padding-top: 0px !important;}&#8221;][vc_counters single_image=&#8221;5668&#8243; image_position=&#8221;cs-counter&#8211;img-right&#8221; heading_size=&#8221;h3&#8243; title=&#8221;DIAGNOSTIC AND PERSONALISED ADVICE&#8221; numbers=&#8221;%5B%7B%7D%5D&#8221;]Let our team of experts be your guides. They will take pleasure in working with you to make your d\u00e9cor ideas a reality. Benefit from our experience to guide you in your choice of materials, colours, furniture and fixtures and fittings.[\/vc_counters][\/vc_column][\/vc_row][vc_row full_width=&#8221;stretch_row&#8221; desctop_pt=&#8221;padding-lg-110t&#8221; desctop_pb=&#8221;padding-lg-70b&#8221; tablets_pt=&#8221;padding-sm-70t&#8221; css=&#8221;.vc_custom_1516548992003{background-color: #eef1f2 !important;}&#8221;][vc_column css_animation=&#8221;none&#8221; css=&#8221;.vc_custom_1521899281996{padding-top: 0px !important;}&#8221;][vc_counters single_image=&#8221;5444&#8243; image_position=&#8221;cs-counter&#8211;img-right&#8221; heading_size=&#8221;h3&#8243; title=&#8221;BESPOKE DESIGN&#8221; numbers=&#8221;%5B%7B%7D%5D&#8221;]Together we design your spaces and help you to make the best choice. Using the existing layout as a starting point, we offer you proposals for design plans using the appropriate tools.<\/p>\n<p>Design is by Christine Soticek, an expert in interior d\u00e9cor, who is a master in the art of op-timising space.[\/vc_counters][vc_empty_space][\/vc_column][\/vc_row][vc_row full_width=&#8221;stretch_row&#8221; desctop_pt=&#8221;padding-lg-110t&#8221; desctop_pb=&#8221;padding-lg-70b&#8221; tablets_pt=&#8221;padding-sm-70t&#8221; css=&#8221;.vc_custom_1516548992003{background-color: #eef1f2 !important;}&#8221;][vc_column css_animation=&#8221;none&#8221; css=&#8221;.vc_custom_1521899281996{padding-top: 0px !important;}&#8221;][vc_counters single_image=&#8221;5455&#8243; image_position=&#8221;cs-counter&#8211;img-right&#8221; heading_size=&#8221;h3&#8243; title=&#8221;THE KITCHEN, THE CORNERSTONE OF YOUR LAYOUT&#8221; numbers=&#8221;%5B%7B%7D%5D&#8221;]Modern, original, minimalist design: the kitchen is an essential room in a home. It is often a major draw for buyers.<\/p>\n<p>We offer a multitude of possibilities to meet your needs. Our team can take on part or all of your kitchen project.[\/vc_counters][vc_empty_space][\/vc_column][\/vc_row][vc_row full_width=&#8221;stretch_row&#8221; desctop_pt=&#8221;padding-lg-110t&#8221; desctop_pb=&#8221;padding-lg-70b&#8221; tablets_pt=&#8221;padding-sm-70t&#8221; css=&#8221;.vc_custom_1516548992003{background-color: #eef1f2 !important;}&#8221;][vc_column css_animation=&#8221;none&#8221; css=&#8221;.vc_custom_1521899281996{padding-top: 0px !important;}&#8221;][vc_counters single_image=&#8221;5843&#8243; image_position=&#8221;cs-counter&#8211;img-right&#8221; heading_size=&#8221;h3&#8243; title=&#8221;SUPPORT AND MANAGEMENT&#8221; numbers=&#8221;%5B%7B%7D%5D&#8221;]We share our know-how with you to support you throughout your project right through to completion. Regular meetings are held to keep you up to date on the progress of works.[\/vc_counters][vc_empty_space][\/vc_column][\/vc_row][vc_row full_width=&#8221;stretch_row&#8221; disable_element=&#8221;yes&#8221; desctop_pt=&#8221;padding-lg-110t&#8221; desctop_pb=&#8221;padding-lg-70b&#8221; tablets_pt=&#8221;padding-sm-70t&#8221; css=&#8221;.vc_custom_1625818317338{background-color: #eef1f2 !important;}&#8221;][vc_column css_animation=&#8221;none&#8221; css=&#8221;.vc_custom_1521899281996{padding-top: 0px !important;}&#8221;][vc_counters single_image=&#8221;5455&#8243; image_position=&#8221;cs-counter&#8211;img-right&#8221; heading_size=&#8221;h3&#8243; title=&#8221;LA CUISINE, L&#8217;INCONTOURNABLE DE VOTRE AGENCEMENT&#8221; numbers=&#8221;%5B%7B%7D%5D&#8221;]Design, moderne, originale, minimaliste : la cuisine est une pi\u00e8ce fondamentale dans une habitation.<span class=\"Apple-converted-space\">\u00a0 <\/span>Elle constitue souvent un atout de s\u00e9duction important pour les acheteurs.<span class=\"Apple-converted-space\">\u00a0<\/span><\/p>\n<p>Nous proposons une multitude de possibilit\u00e9s pour r\u00e9pondre \u00e0 vos besoins. Notre \u00e9quipe peut se charger d\u2019une partie ou de l\u2019ensemble du projet de votre cuisine.[\/vc_counters][vc_projects_posts templates=&#8221;services&#8221; post_type=&#8221;services&#8221; total_columns=&#8221;cs-block&#8211;col3&#8243; filter=&#8221;enable&#8221; posts_per_page=&#8221;3&#8243; filter_position=&#8221;menu_header&#8221;][\/vc_column][\/vc_row]<\/p>\n","protected":false},"excerpt":{"rendered":"<p>[vc_row full_width=&#8221;stretch_row_content_no_spaces&#8221;][vc_column][vc_banner_title title=&#8221;INTERIOR DECOR&#8221; img=&#8221;5684&#8243; enable_overlay=&#8221;true&#8221; columns=&#8221;%5B%7B%22text_type%22%3A%22text%22%7D%5D&#8221;][\/vc_column][\/vc_row][vc_row full_width=&#8221;stretch_row&#8221; desctop_pt=&#8221;padding-lg-110t&#8221; desctop_pb=&#8221;padding-lg-70b&#8221; tablets_pt=&#8221;padding-sm-70t&#8221; css=&#8221;.vc_custom_1516548992003{background-color: #eef1f2 !important;}&#8221;][vc_column css_animation=&#8221;none&#8221; css=&#8221;.vc_custom_1521899281996{padding-top: 0px !important;}&#8221;][vc_counters single_image=&#8221;5668&#8243; image_position=&#8221;cs-counter&#8211;img-right&#8221;&#8230;<\/p>\n","protected":false},"author":1,"featured_media":0,"parent":0,"menu_order":0,"comment_status":"closed","ping_status":"closed","template":"","meta":{"_seopress_robots_primary_cat":"","_seopress_titles_title":"Interior Decoration - CK Int\u00e9rieur | Interior Architect Antibes","_seopress_titles_desc":"CK Int\u00e9rieur in Antibes offers interior decoration services: personalized assessment, bespoke arrangements, project support, and coordination. Transform your space with our expertise.","_seopress_robots_index":"","footnotes":""},"folder":[32],"class_list":["post-6631","page","type-page","status-publish","hentry"],"_links":{"self":[{"href":"https:\/\/ck-interieur.com\/en\/wp-json\/wp\/v2\/pages\/6631","targetHints":{"allow":["GET"]}}],"collection":[{"href":"https:\/\/ck-interieur.com\/en\/wp-json\/wp\/v2\/pages"}],"about":[{"href":"https:\/\/ck-interieur.com\/en\/wp-json\/wp\/v2\/types\/page"}],"author":[{"embeddable":true,"href":"https:\/\/ck-interieur.com\/en\/wp-json\/wp\/v2\/users\/1"}],"replies":[{"embeddable":true,"href":"https:\/\/ck-interieur.com\/en\/wp-json\/wp\/v2\/comments?post=6631"}],"version-history":[{"count":1,"href":"https:\/\/ck-interieur.com\/en\/wp-json\/wp\/v2\/pages\/6631\/revisions"}],"predecessor-version":[{"id":6883,"href":"https:\/\/ck-interieur.com\/en\/wp-json\/wp\/v2\/pages\/6631\/revisions\/6883"}],"wp:attachment":[{"href":"https:\/\/ck-interieur.com\/en\/wp-json\/wp\/v2\/media?parent=6631"}],"wp:term":[{"taxonomy":"folder","embeddable":true,"href":"https:\/\/ck-interieur.com\/en\/wp-json\/wp\/v2\/folder?post=6631"}],"curies":[{"name":"wp","href":"https:\/\/api.w.org\/{rel}","templated":true}]}}