{"id":6612,"date":"2017-09-29T09:24:26","date_gmt":"2017-09-29T09:24:26","guid":{"rendered":"https:\/\/ck-interieur.com\/creative-home\/"},"modified":"2024-05-23T16:21:58","modified_gmt":"2024-05-23T14:21:58","slug":"creative-home","status":"publish","type":"page","link":"https:\/\/ck-interieur.com\/en\/","title":{"rendered":"Home"},"content":{"rendered":"<p>[vc_row full_width=&#8221;stretch_row&#8221;][vc_column css_animation=&#8221;none&#8221;]\n\t\t\t<!-- START Slider 1 UK REVOLUTION SLIDER 6.5.4 --><p class=\"rs-p-wp-fix\"><\/p>\n\t\t\t<rs-module-wrap id=\"rev_slider_2_1_wrapper\" data-source=\"gallery\" style=\"visibility:hidden;background:transparent;padding:0;margin:0px auto;margin-top:0;margin-bottom:0;\">\n\t\t\t\t<rs-module id=\"rev_slider_2_1\" style=\"\" data-version=\"6.5.4\">\n\t\t\t\t\t<rs-slides>\n\t\t\t\t\t\t<rs-slide data-key=\"rs-4\" data-title=\"Slide\" data-duration=\"4000ms\" data-in=\"o:0;\" data-out=\"a:false;\">\n\t\t\t\t\t\t\t<img loading=\"lazy\" decoding=\"async\" src=\"\/\/ck-interieur.com\/wp-content\/plugins\/revslider\/public\/assets\/assets\/dummy.png\" title=\"Studio Loic Bisoli-6310\" width=\"1620\" height=\"1080\" class=\"rev-slidebg tp-rs-img rs-lazyload\" data-lazyload=\"\/\/ck.wacr.fr\/wp-content\/uploads\/2021\/07\/Studio-Loic-Bisoli-6310.jpg\" data-no-retina>\n<!---->\t\t\t\t\t\t<\/rs-slide>\n\t\t\t\t\t\t<rs-slide data-key=\"rs-5\" data-title=\"Slide\" data-duration=\"4000ms\" data-in=\"o:0;\" data-out=\"a:false;\">\n\t\t\t\t\t\t\t<img loading=\"lazy\" decoding=\"async\" src=\"\/\/ck-interieur.com\/wp-content\/plugins\/revslider\/public\/assets\/assets\/dummy.png\" title=\"Studio Loic Bisoli-6302\" width=\"1620\" height=\"1080\" class=\"rev-slidebg tp-rs-img rs-lazyload\" data-lazyload=\"\/\/ck.wacr.fr\/wp-content\/uploads\/2021\/07\/Studio-Loic-Bisoli-6302.jpg\" data-no-retina>\n<!---->\t\t\t\t\t\t<\/rs-slide>\n\t\t\t\t\t\t<rs-slide data-key=\"rs-6\" data-title=\"Slide\" data-in=\"o:0;\" data-out=\"a:false;\">\n\t\t\t\t\t\t\t<img loading=\"lazy\" decoding=\"async\" src=\"\/\/ck-interieur.com\/wp-content\/plugins\/revslider\/public\/assets\/assets\/dummy.png\" title=\"Studio Loic Bisoli-6378\" width=\"1620\" height=\"1080\" class=\"rev-slidebg tp-rs-img rs-lazyload\" data-lazyload=\"\/\/ck.wacr.fr\/wp-content\/uploads\/2021\/07\/Studio-Loic-Bisoli-6378.jpg\" data-no-retina>\n<!---->\t\t\t\t\t\t<\/rs-slide>\n\t\t\t\t\t<\/rs-slides>\n\t\t\t\t\t<rs-static-layers><!--\n\n\t\t\t\t\t\t\t--><rs-layer\n\t\t\t\t\t\t\t\tid=\"slider-2-slide-2-layer-1\" \n\t\t\t\t\t\t\t\tclass=\"rs-layer-static\"\n\t\t\t\t\t\t\t\tdata-type=\"image\"\n\t\t\t\t\t\t\t\tdata-rsp_ch=\"on\"\n\t\t\t\t\t\t\t\tdata-xy=\"x:c;y:c;yo:-19px;\"\n\t\t\t\t\t\t\t\tdata-text=\"w:normal;\"\n\t\t\t\t\t\t\t\tdata-dim=\"w:412px;h:269px;\"\n\t\t\t\t\t\t\t\tdata-onslides=\"s:1;\"\n\t\t\t\t\t\t\t\tdata-frame_999=\"o:0;st:w;\"\n\t\t\t\t\t\t\t\tstyle=\"z-index:9;\"\n\t\t\t\t\t\t\t><rs-bg-elem style=\"position:absolute; top:0px;left:0px;\"><\/rs-bg-elem>\n<img loading=\"lazy\" decoding=\"async\" src=\"\/\/ck-interieur.com\/wp-content\/plugins\/revslider\/public\/assets\/assets\/dummy.png\" class=\"tp-rs-img rs-lazyload\" width=\"1134\" height=\"740\" data-lazyload=\"\/\/ck.wacr.fr\/wp-content\/uploads\/2021\/07\/ck.png\" data-no-retina> \n\t\t\t\t\t\t\t<\/rs-layer><!--\n\n\t\t\t\t\t\t\t--><rs-layer\n\t\t\t\t\t\t\t\tid=\"slider-2-slide-2-layer-2\" \n\t\t\t\t\t\t\t\tclass=\"rs-layer-static\"\n\t\t\t\t\t\t\t\tdata-type=\"text\"\n\t\t\t\t\t\t\t\tdata-color=\"#fff\"\n\t\t\t\t\t\t\t\tdata-rsp_ch=\"on\"\n\t\t\t\t\t\t\t\tdata-xy=\"x:c;y:418px;\"\n\t\t\t\t\t\t\t\tdata-text=\"w:normal;s:15;l:44;ls:2;fw:800;a:center;\"\n\t\t\t\t\t\t\t\tdata-dim=\"w:598px;minh:0px;\"\n\t\t\t\t\t\t\t\tdata-onslides=\"s:1;\"\n\t\t\t\t\t\t\t\tdata-frame_999=\"o:0;st:w;\"\n\t\t\t\t\t\t\t\tstyle=\"z-index:10;font-family:Raleway;font-style:italic;\"\n\t\t\t\t\t\t\t><rs-bg-elem style=\"position:absolute; top:0px;left:0px;\"><\/rs-bg-elem>\nModernity and design are at the heart of our creations. \n\t\t\t\t\t\t\t<\/rs-layer><!--\n\n\t\t\t\t\t\t\t--><rs-layer\n\t\t\t\t\t\t\t\tid=\"slider-2-slide-2-layer-4\" \n\t\t\t\t\t\t\t\tclass=\"rs-layer-static\"\n\t\t\t\t\t\t\t\tdata-type=\"shape\"\n\t\t\t\t\t\t\t\tdata-rsp_ch=\"on\"\n\t\t\t\t\t\t\t\tdata-text=\"w:normal;\"\n\t\t\t\t\t\t\t\tdata-dim=\"w:100%;h:100%;\"\n\t\t\t\t\t\t\t\tdata-basealign=\"slide\"\n\t\t\t\t\t\t\t\tdata-onslides=\"s:1;\"\n\t\t\t\t\t\t\t\tdata-frame_999=\"o:0;st:w;\"\n\t\t\t\t\t\t\t\tstyle=\"z-index:8;background-color:rgba(0,0,0,0.5);\"\n\t\t\t\t\t\t\t><rs-bg-elem style=\"position:absolute; top:0px;left:0px;\"><\/rs-bg-elem>\n \n\t\t\t\t\t\t\t<\/rs-layer><!--\n\t\t\t\t\t--><\/rs-static-layers>\n\t\t\t\t<\/rs-module>\n\t\t\t\t<script type=\"text\/javascript\">\n\t\t\t\t\tsetREVStartSize({c: 'rev_slider_2_1',rl:[1240,1024,778,480],el:[500],gw:[1240],gh:[500],type:'standard',justify:'',layout:'fullwidth',mh:\"0\"});\n\t\t\t\t<\/script>\n\t\t\t<\/rs-module-wrap>\n\t\t\t<!-- END REVOLUTION SLIDER -->\n[\/vc_column][\/vc_row][vc_row full_width=&#8221;stretch_row_content_no_spaces&#8221; disable_element=&#8221;yes&#8221;][vc_column css_animation=&#8221;none&#8221;][vc_banner_title title=&#8221;CK INT\u00c9RIEUR&#8221; img=&#8221;5468&#8243; enable_overlay=&#8221;true&#8221; enable_fullheight=&#8221;true&#8221; enable_arrow_down=&#8221;true&#8221; content_info=&#8221;R\u00e9v\u00e9ler le potentiel de vos espaces&#8221; columns=&#8221;%5B%7B%22text_type%22%3A%22text%22%7D%5D&#8221;][\/vc_column][\/vc_row][vc_row desctop_pt=&#8221;padding-lg-105t&#8221; desctop_pb=&#8221;padding-lg-105b&#8221; tablets_pt=&#8221;padding-sm-70t&#8221; tablets_pb=&#8221;padding-sm-70b&#8221;][vc_column offset=&#8221;vc_col-md-6&#8243;][vc_headings subtitle=&#8221;THE CK CONCEPT&#8221; heading_style=&#8221;cs-heading&#8211;modern&#8221; heading_size=&#8221;h3&#8243; title=&#8221;Born from the meeting of two art lovers, the original concept CK INT\u00c9RIEUR.&#8221; button=&#8221;target:_blank&#8221;]CK Int\u00e9rieur is a French-Norwegian company with a team of qualified designers and interior architects.<\/p>\n<p>We manage interior design projects as well as the most demanding renovations in flats or villas from St Tropez to Monaco.<\/p>\n<p>CK Int\u00e9rieur offers you the benefit of its meticulous selection of manufacturers with the highest standards of quality, elegance and harmony.<\/p>\n<p>Our motivation in all our projects, and that of creating the emotion to the delivery of our customers.<\/p>\n<p>A house is the nest of all humans, our mission is to create a nest in your image.[\/vc_headings][\/vc_column][vc_column tablets_mt=&#8221;margin-sm-30t&#8221; offset=&#8221;vc_col-md-6&#8243;][vc_row_inner][vc_column_inner width=&#8221;1\/2&#8243; offset=&#8221;vc_col-xs-6&#8243;][vc_single_image image=&#8221;6312&#8243; img_size=&#8221;559&#215;733&#8243; alignment=&#8221;right&#8221;][\/vc_column_inner][vc_column_inner width=&#8221;1\/2&#8243; offset=&#8221;vc_col-xs-6&#8243;][vc_single_image image=&#8221;6305&#8243; img_size=&#8221;559&#215;733&#8243;][\/vc_column_inner][\/vc_row_inner][\/vc_column][\/vc_row][vc_row full_width=&#8221;stretch_row_content_no_spaces&#8221; desctop_pb=&#8221;padding-lg-80b&#8221; tablets_pb=&#8221;padding-sm-40b&#8221; css=&#8221;.vc_custom_1522230857692{padding-top: 0px !important;background-color: #eef1f2 !important;}&#8221;][vc_column css=&#8221;.vc_custom_1522259613007{padding-top: 0px !important;}&#8221;][vc_wrapper subtitle=&#8221;CK INTERIEUR&#8221; heading_size=&#8221;h2&#8243; title=&#8221;OUR EXPERTISE&#8221; title_style=&#8221;cs-heading&#8211;c-custom&#8221; image=&#8221;5648&#8243; enable_overlay=&#8221;true&#8221;][vc_projects_posts templates=&#8221;services&#8221; post_type=&#8221;services&#8221; total_columns=&#8221;cs-block&#8211;col3&#8243; gap_columns=&#8221;cs-block&#8211;gap15&#8243; posts_per_page=&#8221;6&#8243; text_button=&#8221;SEE MORE&#8221;][\/vc_wrapper][\/vc_column][\/vc_row][vc_row full_width=&#8221;stretch_row_content_no_spaces&#8221;][vc_column css=&#8221;.vc_custom_1521113127089{padding-top: 0px !important;}&#8221;][vc_wrapper subtitle=&#8221;SEE OUR&#8221; heading_size=&#8221;h2&#8243; title=&#8221;WORK&#8221; title_style=&#8221;cs-heading&#8211;c-custom&#8221; image=&#8221;5649&#8243; enable_overlay=&#8221;true&#8221;][\/vc_wrapper][\/vc_column][\/vc_row][vc_row full_width=&#8221;stretch_row_content_no_spaces&#8221; desctop_pt=&#8221;padding-lg-70t&#8221; desctop_pb=&#8221;padding-lg-105b&#8221; tablets_pb=&#8221;padding-sm-70b&#8221; css=&#8221;.vc_custom_1521474139078{background-color: #eef1f2 !important;}&#8221;][vc_column css=&#8221;.vc_custom_1521473835090{padding-top: 0px !important;padding-right: 30px !important;padding-left: 30px !important;}&#8221;][vc_projects_posts templates=&#8221;grid&#8221; post_type=&#8221;projects&#8221; total_columns=&#8221;cs-block&#8211;col4&#8243; gap_columns=&#8221;cs-block&#8211;gap15&#8243; image_original_size=&#8221;large&#8221; filter=&#8221;enable&#8221; orderby=&#8221;date&#8221; filter_post_option=&#8221;year&#8221; filter_position=&#8221;menu_header&#8221;][\/vc_column][\/vc_row][vc_row full_width=&#8221;stretch_row_content_no_spaces&#8221; css=&#8221;.vc_custom_1521113121116{padding-top: 0px !important;}&#8221;][vc_column css=&#8221;.vc_custom_1633525413463{padding-top: 0px !important;}&#8221; offset=&#8221;vc_hidden-md vc_hidden-sm vc_hidden-xs&#8221;][vc_wrapper subtitle=&#8221;THEY TRUST US&#8221; heading_size=&#8221;h2&#8243; title=&#8221;OUR PARTNERS&#8221; title_style=&#8221;cs-heading&#8211;c-custom&#8221; image=&#8221;5650&#8243; enable_overlay=&#8221;true&#8221;][\/vc_wrapper][\/vc_column][\/vc_row][vc_row desctop_pt=&#8221;padding-lg-70t&#8221; desctop_pb=&#8221;padding-lg-110b&#8221; tablets_pb=&#8221;padding-sm-70b&#8221;][vc_column offset=&#8221;vc_hidden-md vc_hidden-sm vc_hidden-xs&#8221;][vc_clients list_clients=&#8221;%5B%7B%22image%22%3A%225886%22%7D%2C%7B%22image%22%3A%225894%22%7D%2C%7B%22image%22%3A%225895%22%7D%2C%7B%22image%22%3A%225896%22%7D%2C%7B%22image%22%3A%225897%22%7D%2C%7B%22image%22%3A%225899%22%7D%2C%7B%22image%22%3A%225900%22%7D%2C%7B%22image%22%3A%225901%22%7D%2C%7B%22image%22%3A%225902%22%7D%2C%7B%22image%22%3A%225904%22%7D%2C%7B%22image%22%3A%225905%22%7D%2C%7B%22image%22%3A%225906%22%7D%2C%7B%22image%22%3A%225907%22%7D%2C%7B%22image%22%3A%225908%22%7D%2C%7B%22image%22%3A%225909%22%7D%2C%7B%22image%22%3A%225910%22%7D%2C%7B%22image%22%3A%225912%22%7D%2C%7B%22image%22%3A%225914%22%7D%2C%7B%22image%22%3A%225915%22%7D%2C%7B%22image%22%3A%225916%22%7D%2C%7B%22image%22%3A%225917%22%7D%2C%7B%22image%22%3A%225918%22%7D%2C%7B%22image%22%3A%225920%22%7D%2C%7B%22image%22%3A%225921%22%7D%5D&#8221;][\/vc_column][\/vc_row][vc_row disable_element=&#8221;yes&#8221; desctop_pt=&#8221;padding-lg-70t&#8221; desctop_pb=&#8221;padding-lg-110b&#8221; tablets_pb=&#8221;padding-sm-70b&#8221;][vc_column][vc_clients list_clients=&#8221;%5B%7B%22image%22%3A%225265%22%7D%2C%7B%22image%22%3A%225263%22%2C%22link%22%3A%22url%3Ahttps%253A%252F%252Fw4.foxdsgn.com%2Fcoca%252Fprojects-item%252Fmatris-camp%252F%7Ctitle%3AVISIT%2520SITE%7Ctarget%3A%2520_blank%7C%22%7D%2C%7B%22image%22%3A%225264%22%2C%22link%22%3A%22url%3Ahttps%253A%252F%252Fw4.foxdsgn.com%2Fcoca%252Fprojects-item%252Falveus-kitchens%252F%7Ctitle%3AVISIT%2520SITE%7Ctarget%3A%2520_blank%7C%22%7D%2C%7B%22image%22%3A%225262%22%2C%22link%22%3A%22url%3Ahttps%253A%252F%252Fw4.foxdsgn.com%2Fcoca%252Fprojects-item%252Fcreative-lab%252F%7Ctitle%3AVISIT%2520SITE%7Ctarget%3A%2520_blank%7C%22%7D%2C%7B%22image%22%3A%225261%22%2C%22link%22%3A%22url%3Ahttps%253A%252F%252Fw4.foxdsgn.com%2Fcoca%252Fprojects-item%252Fmountain-house%252F%7Ctitle%3AVISIT%2520SITE%7Ctarget%3A%2520_blank%7C%22%7D%2C%7B%22image%22%3A%225264%22%2C%22link%22%3A%22url%3Ahttps%253A%252F%252Fw4.foxdsgn.com%2Fcoca%252Fprojects-item%252Ftycoon-office-interior-design%252F%7Ctitle%3AVISIT%2520SITE%7Ctarget%3A%2520_blank%7C%22%7D%2C%7B%22image%22%3A%225260%22%2C%22link%22%3A%22url%3Ahttps%253A%252F%252Fw4.foxdsgn.com%2Fcoca%252Fprojects-item%252Falto-furniture%252F%7Ctitle%3AVISIT%2520SITE%7Ctarget%3A%2520_blank%7C%22%7D%2C%7B%22image%22%3A%225265%22%2C%22link%22%3A%22url%3Ahttps%253A%252F%252Fw4.foxdsgn.com%2Fcoca%252Fprojects-item%252Falto-furniture-2%252F%7Ctitle%3AVISIT%2520SITE%7Ctarget%3A%2520_blank%7C%22%7D%5D&#8221;][\/vc_column][\/vc_row][vc_row full_width=&#8221;stretch_row_content_no_spaces&#8221; css_animation=&#8221;none&#8221; disable_element=&#8221;yes&#8221; css=&#8221;.vc_custom_1627630263932{padding-top: 0px !important;}&#8221;][vc_column][vc_wrapper subtitle=&#8221;NOS&#8221; heading_size=&#8221;h2&#8243; title=&#8221;ACTUALITES&#8221; title_style=&#8221;cs-heading&#8211;c-custom&#8221; image=&#8221;5651&#8243; enable_overlay=&#8221;true&#8221;][\/vc_wrapper][\/vc_column][\/vc_row][vc_row full_width=&#8221;stretch_row&#8221; css_animation=&#8221;none&#8221; disable_element=&#8221;yes&#8221; desctop_pt=&#8221;padding-lg-110t&#8221; desctop_pb=&#8221;padding-lg-110b&#8221; tablets_pt=&#8221;padding-sm-70t&#8221; tablets_pb=&#8221;padding-sm-70b&#8221; css=&#8221;.vc_custom_1627640802031{background-color: #eef1f2 !important;}&#8221;][vc_column css_animation=&#8221;none&#8221; css=&#8221;.vc_custom_1521902262830{padding-top: 0px !important;}&#8221;][vc_row_inner][vc_column_inner][vc_projects_posts templates=&#8221;grid&#8221; total_columns=&#8221;cs-block&#8211;col3&#8243; enable_load_more=&#8221;true&#8221; posts_per_page=&#8221;3&#8243;][\/vc_column_inner][\/vc_row_inner][\/vc_column][\/vc_row][vc_row full_width=&#8221;stretch_row&#8221; css_animation=&#8221;none&#8221; disable_element=&#8221;yes&#8221; desctop_pt=&#8221;padding-lg-110t&#8221; desctop_pb=&#8221;padding-lg-110b&#8221; tablets_pt=&#8221;padding-sm-70t&#8221; tablets_pb=&#8221;padding-sm-70b&#8221; css=&#8221;.vc_custom_1625724189571{background-color: #eef1f2 !important;}&#8221;][vc_column css_animation=&#8221;none&#8221; css=&#8221;.vc_custom_1521902262830{padding-top: 0px !important;}&#8221;][vc_counters single_image=&#8221;4033&#8243; heading_size=&#8221;h3&#8243; title=&#8221;GROW &amp; SUCCEED&#8221; numbers=&#8221;%5B%7B%22number%22%3A%22925%22%2C%22title%22%3A%22Working%20Hours%22%7D%2C%7B%22number%22%3A%2215%22%2C%22title%22%3A%22Awards%22%7D%2C%7B%22number%22%3A%22121%22%2C%22title%22%3A%22Projects%20Done%22%7D%5D&#8221;]Erat volutpat. Ut wisi enim nostrud exerci ulla corper suscipit lobortis nisl ut aliquip ex commdo consquatErat volutpat. Ut wisi enim nostrud ul mcorper suscipit lobortis nisl ut aliquip ex[\/vc_counters][\/vc_column][\/vc_row][vc_row full_width=&#8221;stretch_row_content_no_spaces&#8221; css_animation=&#8221;none&#8221; css=&#8221;.vc_custom_1522260646359{padding-top: 0px !important;}&#8221;][vc_column css=&#8221;.vc_custom_1522260710410{padding-top: 0px !important;}&#8221;][vc_wrapper subtitle=&#8221;THEY TRUST US&#8221; heading_size=&#8221;h2&#8243; title=&#8221;TESTIMONIALS&#8221; title_style=&#8221;cs-heading&#8211;c-custom&#8221; image=&#8221;5652&#8243; enable_overlay=&#8221;true&#8221;][\/vc_wrapper][\/vc_column][\/vc_row][vc_row full_width=&#8221;stretch_row&#8221; desctop_pt=&#8221;padding-lg-70t&#8221; desctop_pb=&#8221;padding-lg-90b&#8221; tablets_pb=&#8221;padding-sm-55b&#8221; css=&#8221;.vc_custom_1516545197255{background-color: #eef1f2 !important;}&#8221;][vc_column css_animation=&#8221;none&#8221; css=&#8221;.vc_custom_1521899208700{padding-top: 0px !important;}&#8221;][vc_testimonials autoplay_on=&#8221;true&#8221; autoplay_delay=&#8221;3000&#8243; speed=&#8221;500&#8243; loop=&#8221;true&#8221;][vc_testimonials_items description=&#8221;Christine Soticek managed the complete renovation of our apartment in an<br \/>\nexcellent way. The project benefited from her good contacts of craftsmen with<br \/>\nvery high quality, &#8211; plumber, electrician, painters, tilers in addition to the<br \/>\ndelivery of a new complete fantastic kitchen with all necessary appliances.<br \/>\nChristine did a wonderful job for us. She is responsible, quality-conscious, and<br \/>\nmodern. She can undoubtedly take on big tasks. We were very pleased with the<br \/>\nwork that was done in our apartment, and a big thank you to Christine for the<br \/>\nopenness and the pleasant communication we had between France and<br \/>\nNorway, &#8211; and in fact even after the project was handed over.<br \/>\nWe will give Christine Soticek our best recommendations.&#8221; name=&#8221;H Arnfinn&#8221;][vc_testimonials_items description=&#8221;Je suis tr\u00e8s heureux d&#8217;avoir \u00e9t\u00e9 invit\u00e9 \u00e0 donner mon sentiment sur Christine Soticek et le cabinet CK Interieur \u00e0 Antibes. J&#8217;ai men\u00e9 des projets dans plusieurs villes \u00e0 travers le monde, aux \u00c9tats-Unis, en Asie (Singapour et Jakarta), et plus r\u00e9cemment \u00e0 Paris et \u00e0 Cannes. Je peux affirmer que je n&#8217;ai jamais nulle part travaill\u00e9 avec quelqu&#8217;un comme Christine et CK. Ses id\u00e9es de conception sont non seulement uniques, mais s&#8217;appuient en plus sur de solides comp\u00e9tences en architecture et en ing\u00e9nierie. Christine est \u00e9galement riche de la finesse de son exp\u00e9rience aux Beaux-Arts de Londres. Elle offre aux clients une myriade d&#8217;options et ses comp\u00e9tences en mati\u00e8re de mise en oeuvre en partenariat avec des artisans de qualit\u00e9, plombiers, \u00e9lectriciens et constructeurs, sont au millim\u00e8tre pr\u00e8s.J&#8217;ai travaill\u00e9 avec elle sur deux projets \u00e0 Cannes et les deux ont \u00e9t\u00e9 un grand succ\u00e8s. Elle a r\u00e9ussi \u00e0 apporter un design chic et fonctionnel \u00e0 un b\u00e2timent classique bourgeois &#8211; j&#8217;ai \u00e9t\u00e9 stup\u00e9fait par son savoir-faire et je reste en admiration devant ses talents, Bravo CK et Bravo Christine.&#8221; name=&#8221;P Melkye&#8221;][vc_testimonials_items description=&#8221;From the moment Christine stepped into my apartment she made a perfect assessment of the type of kitchen that would fit the style of my apart and as well my own taste in colors and materials. Her expertise and professionalism at managing the entire project from start to finish and as well her team of professional trades people made the entire experience stress free. The end result is a kitchen that I absolutely love and enjoy everyday.&#8221; name=&#8221;Linda H&#8221;][vc_testimonials_items description=&#8221;Bon accueil dans le magasin avenue Albert 1er.<br \/>\nChristine \u00e0 l\u2019\u00e9coute a su nous proposer un projet qui nous correspondait.<br \/>\nUn tr\u00e8s bon suivi a permis d\u2019avoir les travaux termin\u00e9s \u00e0 temps malgr\u00e9 une p\u00e9riode difficile en disponibilit\u00e9 de meubles etc\u2026<br \/>\nNous sommes satisfaits de la prestation et nous la recommandons vivement.&#8221; name=&#8221;Isabelle F.&#8221;][\/vc_testimonials][\/vc_column][\/vc_row]<\/p>\n","protected":false},"excerpt":{"rendered":"<p>[vc_row full_width=&#8221;stretch_row&#8221;][vc_column css_animation=&#8221;none&#8221;][\/vc_column][\/vc_row][vc_row full_width=&#8221;stretch_row_content_no_spaces&#8221; disable_element=&#8221;yes&#8221;][vc_column css_animation=&#8221;none&#8221;][vc_banner_title title=&#8221;CK INT\u00c9RIEUR&#8221; img=&#8221;5468&#8243; enable_overlay=&#8221;true&#8221; enable_fullheight=&#8221;true&#8221; enable_arrow_down=&#8221;true&#8221; content_info=&#8221;R\u00e9v\u00e9ler le potentiel de vos espaces&#8221; columns=&#8221;%5B%7B%22text_type%22%3A%22text%22%7D%5D&#8221;][\/vc_column][\/vc_row][vc_row desctop_pt=&#8221;padding-lg-105t&#8221;&#8230;<\/p>\n","protected":false},"author":1,"featured_media":0,"parent":0,"menu_order":0,"comment_status":"closed","ping_status":"closed","template":"","meta":{"_seopress_robots_primary_cat":"","_seopress_titles_title":"Interior Architect in Antibes - CK Int\u00e9rieur | Professional Interior Decoration","_seopress_titles_desc":"CK Int\u00e9rieur, your interior architect in Antibes, transforms your spaces with bespoke interior decoration solutions. Discover our expertise in design and renovation.","_seopress_robots_index":"","footnotes":""},"folder":[],"class_list":["post-6612","page","type-page","status-publish","hentry"],"_links":{"self":[{"href":"https:\/\/ck-interieur.com\/en\/wp-json\/wp\/v2\/pages\/6612","targetHints":{"allow":["GET"]}}],"collection":[{"href":"https:\/\/ck-interieur.com\/en\/wp-json\/wp\/v2\/pages"}],"about":[{"href":"https:\/\/ck-interieur.com\/en\/wp-json\/wp\/v2\/types\/page"}],"author":[{"embeddable":true,"href":"https:\/\/ck-interieur.com\/en\/wp-json\/wp\/v2\/users\/1"}],"replies":[{"embeddable":true,"href":"https:\/\/ck-interieur.com\/en\/wp-json\/wp\/v2\/comments?post=6612"}],"version-history":[{"count":1,"href":"https:\/\/ck-interieur.com\/en\/wp-json\/wp\/v2\/pages\/6612\/revisions"}],"predecessor-version":[{"id":6873,"href":"https:\/\/ck-interieur.com\/en\/wp-json\/wp\/v2\/pages\/6612\/revisions\/6873"}],"wp:attachment":[{"href":"https:\/\/ck-interieur.com\/en\/wp-json\/wp\/v2\/media?parent=6612"}],"wp:term":[{"taxonomy":"folder","embeddable":true,"href":"https:\/\/ck-interieur.com\/en\/wp-json\/wp\/v2\/folder?post=6612"}],"curies":[{"name":"wp","href":"https:\/\/api.w.org\/{rel}","templated":true}]}}